{"id":342,"date":"2012-03-10T20:38:03","date_gmt":"2012-03-10T20:38:03","guid":{"rendered":"http:\/\/alexanderkobs.de\/?page_id=342"},"modified":"2022-01-03T15:49:06","modified_gmt":"2022-01-03T15:49:06","slug":"referenzen","status":"publish","type":"page","link":"http:\/\/alexanderkobs.de\/?page_id=342","title":{"rendered":"Referenzen"},"content":{"rendered":"<p><img decoding=\"async\" loading=\"lazy\" class=\"alignleft\" style=\"border: 10px none; margin: 10px;\" src=\"http:\/\/alexanderkobs.de\/wp-content\/uploads\/2012\/06\/NDR_Dachmarke.png\" alt=\"\" width=\"191\" height=\"146\" \/>Seit dem 1. Februar 2014 bin ich Freier Mitarbeiter mit Rahmenvertrag beim <strong>Norddeutschen Rundfunk<\/strong>. Ich realisiere in der trimedialen Sportredaktion haupts\u00e4chlich TV-Beitr\u00e4ge. Zudem habe ich regelm\u00e4\u00dfig die Sport-Nachrichten bei <strong>tagesschau24<\/strong>\u00a0pr\u00e4sentiert. F\u00fcr die <strong>ARD<\/strong> <strong>Sportschau<\/strong> betreue ich haupts\u00e4chlich den Fu\u00dfball-Verein Hannover 96. 2016 war\u00a0ich als Reporter und Story-Macher bei den <strong>Paralympischen Spielen in Rio<\/strong> im Einsatz. 2021 habe ich f\u00fcr die ARD von den <strong>Olympischen Spielen in Tokio<\/strong> berichtet. Filme von mir liefen hier: Sportschau, Tagesschau, Tagesthemen, Nachtmagazin, Mittagsmagazin, Morgenmagazin, WDR Sportinside, NDR Sportclub. Vor der Freien Mitarbeit habe ich ein 18-monatiges Volontariat absolviert und habe dabei verschiedene Redaktionen im NDR kennengelernt. Zudem gab es interessante Seminare mit gro\u00dfem Praxisbezug zu verschiedenen Themenbereichen (H\u00f6rfunk, Fernsehen, Online). In folgenden Redaktionen habe ich innerhalb des NDR gearbeitet: NDR 1 Niedersachsen (H\u00f6rfunk), NDR 90,3 (H\u00f6rfunk), Mein Nachmittag (TV), DAS! (TV), Sportclub (TV), N-JOY Extra (Online), ARD Zulieferung (TV), NDR aktuell (TV), Hamburg Journal (TV), Schleswig-Holstein Magazin (TV), Markt (TV), ndr.de (Online)<\/p>\n<p><img decoding=\"async\" loading=\"lazy\" class=\"alignright\" style=\"margin: 10px;\" src=\"http:\/\/alexanderkobs.de\/wp-content\/uploads\/2012\/04\/Sky_SSN_Logo_h.png\" alt=\"SSNHD\" width=\"161\" height=\"221\" \/><\/p>\n<p>Von April 2012 bis Juli &#8217;12 war ich festangestellter Jungredakteur beim neuen 24-Stunden-Sportnachrichtensender <strong>Sky Sport News HD<\/strong>. In Deutschland und \u00d6sterreich ist dieser Sender ein absolutes Novum. Er berichtet 24 Stunden am Tag, 7 Tage die Woche aus der Welt des Sports. Ob Fu\u00dfball, Wintersport, Tennis, US Sport, Handball oder Sportarten, die sonst weniger Beachtung finden: Bei Sky Sport News HD (Standort: Unterf\u00f6hring) gibt es alle wichtigen Sportnachrichten. Weitere Infos zu dem Kanal gibt&#8217;s <span style=\"text-decoration: underline;\"><a href=\"http:\/\/www.sky.de\/web\/cms\/de\/skysportnewshd.jsp?wkz=WHPS10&amp;shurl=skysportnewshd\" target=\"_blank\" rel=\"noopener noreferrer\">hier<\/a><\/span>.<\/p>\n<p><a href=\"http:\/\/elbkick.tv\" target=\"_blank\" rel=\"noopener noreferrer\"><img decoding=\"async\" loading=\"lazy\" class=\"alignleft\" style=\"margin: 10px;\" title=\"ELBKICK.TV\" src=\"http:\/\/alexanderkobs.de\/wp-content\/uploads\/2010\/07\/Elbkick_Logo.jpg\" alt=\"\" width=\"180\" height=\"180\" \/><\/a><strong><a href=\"http:\/\/elbkick.tv\" target=\"_blank\" rel=\"noopener noreferrer\">ELBKICK.TV<\/a><\/strong> ist ein Hamburger Web-TV-Sender, der sich mit dem regionalen Amateurfu\u00dfball besch\u00e4ftigt. Auf der Webseite pr\u00e4sentiert <strong>ELBKICK.TV<\/strong> den Aus- und R\u00fcckblick auf die interessantesten Partien vom Wochenende mit st\u00e4ndig neuen G\u00e4sten und Experten. Dazu erscheinen t\u00e4glich neue Clips, skurrile Stories und am\u00fcsante Specials. Ich war dort knapp zwei Jahre als Moderator t\u00e4tig. Mittlerweile gibt es bundesweit mehrere Ableger des Internet-Portals.<\/p>\n<p><a href=\"http:\/\/bergedorfer-zeitung.de\" target=\"_blank\" rel=\"noopener noreferrer\"><img decoding=\"async\" loading=\"lazy\" class=\"alignright\" style=\"margin: 10px;\" title=\"BZ\" src=\"http:\/\/alexanderkobs.de\/wp-content\/uploads\/2012\/03\/new_logo_bergedorferzeitung.jpg\" alt=\"\" width=\"367\" height=\"60\" \/><\/a>Nach einem einmonatigen Praktikum habe ich seit Februar 2010 mehrere\u00a0Jahre als Freier Mitarbeiter bei der <strong>Bergedorfer Zeitung<\/strong> im Lokalsport gearbeitet. W\u00e4hrend dieser Zeit durfte\u00a0ich\u00a0\u00fcber folgende Sportarten berichten: Schwimmen, Fu\u00dfball, Radball, Handball, Volleyball, American Football, Hockey, Leichtathletik, Boxen, Turnen, Kegeln, Tennis, Badminton. Zudem habe ich an zwei Ausgaben des Sonderheftes &#8222;Ansto\u00df&#8220; mitgearbeitet. Darin werden alle Fu\u00dfballvereine des Heimatgebietes vor der Saison vorgestellt und beurteilt.<\/p>\n<p><a href=\"http:\/\/abendblatt.de\" target=\"_blank\" rel=\"noopener noreferrer\"><img decoding=\"async\" loading=\"lazy\" class=\"alignleft\" style=\"margin: 10px;\" title=\"HA\" src=\"http:\/\/alexanderkobs.de\/wp-content\/uploads\/2012\/03\/logo_hamburger_abendblatt.jpg\" alt=\"\" width=\"399\" height=\"69\" \/><\/a>F\u00fcr drei Monate war ich beim <strong>Hamburger Abendblatt<\/strong> Hospitant im Sportressort. W\u00e4hrend dieser Zeit habe ich u.a. Interviews mit Uwe Seeler (HSV-Legende) und Dieter Baumann (Olympiasieger, 5000 Meter) gef\u00fchrt. Au\u00dferdem habe ich an den hauseigenen Videoproduktionen &#8222;Pommes braun-wei\u00df&#8220; und &#8222;Matz ab&#8220; mitgewirkt.<\/p>\n<p><a href=\"http:\/\/hamburg1.de\" target=\"_blank\" rel=\"noopener noreferrer\"><img decoding=\"async\" loading=\"lazy\" class=\"alignright\" style=\"margin: 10px;\" title=\"HH1\" src=\"http:\/\/alexanderkobs.de\/wp-content\/uploads\/2012\/03\/HH1_Logo.jpg\" alt=\"\" width=\"257\" height=\"204\" \/><\/a>Mein Praxissemester habe ich gr\u00f6\u00dftenteils im Sportressort des lokalen Hamburger TV-Senders <strong>Hamburg 1<\/strong> absolviert. Hier habe ich den Umgang mit der Kamera und meine Schnittfertigkeiten ausgebaut. Neben t\u00e4glichen Berichten \u00fcber die Fu\u00dfballer des HSV und St. Pauli habe ich in dieser Zeit auch \u00fcber den HSV Handball und die Hamburg Freezers berichtet.<\/p>\n<p><img decoding=\"async\" loading=\"lazy\" class=\"alignleft\" style=\"margin: 10px;\" title=\"DIGGER\" src=\"http:\/\/alexanderkobs.de\/wp-content\/uploads\/2011\/04\/digger_1.jpg\" alt=\"\" width=\"150\" height=\"129\" \/>Als Chefredakteur des Hamburger Studentenmagazins <strong>DIGGER<\/strong> habe ich insgesamt vier Ausgaben mit herausgebracht. Das kostenlose Magazin mit den Ressorts Kultur, Medien und Sport startete im Oktober 2009 als Studienprojekt der mhmk. Mein Jahrgang brachte das Szenemagazin auf den Markt.<\/p>\n<p><img decoding=\"async\" loading=\"lazy\" class=\"alignright\" style=\"margin: 10px;\" title=\"SVH\" src=\"http:\/\/alexanderkobs.de\/wp-content\/uploads\/2012\/03\/SVH2.jpg\" alt=\"\" width=\"107\" height=\"130\" \/>Der <strong>SV Hamwarde<\/strong> ist ein kleiner Fu\u00dfballverein in Schleswig-Holstein (der aber im Hamburger Fu\u00dfball-Verband gemeldet ist). Von 2006 bis 2013 war ich ehrenamtlicher Pressewart und habe lange Zeit die Vereinszeitung, den <em>M\u00fchlenkurier<\/em>, herausgegeben. Zudem war ich Administrator der Vereinshomepage.<\/p>\n<p>Meine journalistischen Anf\u00e4nge habe ich als Freier Mitarbeiter bei der lokalen Wochenzeitung, dem <strong>Geesthachter Anzeiger<\/strong>, gemacht.<\/p>\n","protected":false},"excerpt":{"rendered":"<p>Seit dem 1. Februar 2014 bin ich Freier Mitarbeiter mit Rahmenvertrag beim Norddeutschen Rundfunk. Ich realisiere in der trimedialen Sportredaktion haupts\u00e4chlich TV-Beitr\u00e4ge. Zudem habe ich regelm\u00e4\u00dfig die Sport-Nachrichten bei tagesschau24\u00a0pr\u00e4sentiert. F\u00fcr die ARD Sportschau betreue ich haupts\u00e4chlich den Fu\u00dfball-Verein Hannover 96. 2016 war\u00a0ich als Reporter und Story-Macher bei den Paralympischen Spielen in Rio im Einsatz. [&hellip;]<\/p>\n","protected":false},"author":1,"featured_media":1384,"parent":0,"menu_order":2,"comment_status":"closed","ping_status":"closed","template":"","meta":[],"_links":{"self":[{"href":"http:\/\/alexanderkobs.de\/index.php?rest_route=\/wp\/v2\/pages\/342"}],"collection":[{"href":"http:\/\/alexanderkobs.de\/index.php?rest_route=\/wp\/v2\/pages"}],"about":[{"href":"http:\/\/alexanderkobs.de\/index.php?rest_route=\/wp\/v2\/types\/page"}],"author":[{"embeddable":true,"href":"http:\/\/alexanderkobs.de\/index.php?rest_route=\/wp\/v2\/users\/1"}],"replies":[{"embeddable":true,"href":"http:\/\/alexanderkobs.de\/index.php?rest_route=%2Fwp%2Fv2%2Fcomments&post=342"}],"version-history":[{"count":40,"href":"http:\/\/alexanderkobs.de\/index.php?rest_route=\/wp\/v2\/pages\/342\/revisions"}],"predecessor-version":[{"id":1605,"href":"http:\/\/alexanderkobs.de\/index.php?rest_route=\/wp\/v2\/pages\/342\/revisions\/1605"}],"wp:featuredmedia":[{"embeddable":true,"href":"http:\/\/alexanderkobs.de\/index.php?rest_route=\/wp\/v2\/media\/1384"}],"wp:attachment":[{"href":"http:\/\/alexanderkobs.de\/index.php?rest_route=%2Fwp%2Fv2%2Fmedia&parent=342"}],"curies":[{"name":"wp","href":"https:\/\/api.w.org\/{rel}","templated":true}]}}