{"id":1259,"date":"2018-02-13T23:30:19","date_gmt":"2018-02-13T23:30:19","guid":{"rendered":"http:\/\/alexanderkobs.de\/?page_id=1259"},"modified":"2024-02-21T10:51:07","modified_gmt":"2024-02-21T10:51:07","slug":"filmografie","status":"publish","type":"page","link":"http:\/\/alexanderkobs.de\/?page_id=1259","title":{"rendered":"Filmografie"},"content":{"rendered":"\n<figure class=\"wp-block-table is-style-stripes\"><table class=\"has-fixed-layout\"><tbody><tr><td><a href=\"https:\/\/www.ardmediathek.de\/video\/sportclub\/dennis-schroeder-der-aufstieg-des-nba-stars\/ndr\/Y3JpZDovL25kci5kZS8zOF8yMDI0LTAyLTE4LTIzLTM1\" data-type=\"URL\" data-id=\"https:\/\/www.ardmediathek.de\/video\/sportclub\/dennis-schroeder-der-aufstieg-des-nba-stars\/ndr\/Y3JpZDovL25kci5kZS8zOF8yMDI0LTAyLTE4LTIzLTM1\"><img decoding=\"async\" src=\"http:\/\/alexanderkobs.de\/wp-content\/uploads\/2024\/02\/Schroeder-1024x529.jpg\" alt=\"\"><\/a><\/td><td><img decoding=\"async\" loading=\"lazy\" width=\"520\" height=\"291\" src=\"http:\/\/alexanderkobs.de\/wp-content\/uploads\/2021\/12\/Mazen_Gierke_Foto-1024x573.jpg\" alt=\"\"><\/td><\/tr><tr><td><strong>SC Story: Dennis Schr\u00f6der<\/strong><br><strong>L\u00e4nge: 30 Min, Datum: 18.02.2024<\/strong><br><strong>Mit Kevin Poweska<\/strong><\/td><td><strong>SC Story: Journeymen im Boxen\u00a0<\/strong><br><strong>L\u00e4nge: 30 Min, Datum: 31.10.2021<\/strong><br><strong>Mit Hans von Brockhausen<\/strong><\/td><\/tr><tr><td><img decoding=\"async\" loading=\"lazy\" width=\"520\" height=\"291\" src=\"http:\/\/alexanderkobs.de\/wp-content\/uploads\/2021\/04\/IMG_6603-e1638977902344.jpg\" alt=\"\"><a rel=\"noopener noreferrer\" href=\"https:\/\/www.youtube.com\/watch?v=qve90J2IhlQ\" target=\"_blank\"><\/a><\/td><td><img decoding=\"async\" loading=\"lazy\" width=\"520\" height=\"293\" src=\"http:\/\/alexanderkobs.de\/wp-content\/uploads\/2021\/01\/Interview_Petkovic_neu.jpg\" alt=\"\"><\/td><\/tr><tr><td><strong>SC Story: Alte Liebe. 125 Jahre Hannover 96<\/strong><br><strong>L\u00e4nge: 45 Min, Datum: 17.4.2021<\/strong><br><strong>Mit Ben Wozny<\/strong><\/td><td><strong>SC Story: Andrea Petkovic<\/strong><br><strong>L\u00e4nge: 30 Min, Datum: 17.1.2021<\/strong><br><strong>Mit Benedikt Scheper<\/strong><\/td><\/tr><tr><td><br><a rel=\"noopener noreferrer\" href=\"https:\/\/www.youtube.com\/watch?v=IlSzVrA2KYg\" target=\"_blank\"><br><\/a><img decoding=\"async\" loading=\"lazy\" width=\"520\" height=\"293\" src=\"http:\/\/alexanderkobs.de\/wp-content\/uploads\/2020\/07\/der-dortmunder-torschuetze-timo-konietzka-hinten_full.jpg\" alt=\"\"><\/td><td><img decoding=\"async\" loading=\"lazy\" width=\"520\" height=\"293\" src=\"http:\/\/alexanderkobs.de\/wp-content\/uploads\/2018\/02\/Bild30.jpg\" alt=\"Bild30\"><\/td><\/tr><tr><td><strong>Der Start der Fu\u00dfball-Bundesliga 1963 &#8211;<\/strong>\u00a0<strong>Aufbruch in ein neues Zeitalter<\/strong><br><strong>L\u00e4nge: 60 Min, Datum: 01.08.2020<\/strong><br><strong>Mit Inka Blumensaat<\/strong><\/td><td><strong>SC Story: Sail United &#8211; Das Meer ist barrierefrei<\/strong><br><strong>L\u00e4nge: 30 Min, Datum: 20.10.2019<\/strong><\/td><\/tr><tr><td><img decoding=\"async\" loading=\"lazy\" width=\"519\" height=\"292\" src=\"http:\/\/alexanderkobs.de\/wp-content\/uploads\/2018\/02\/Supporters_Italia_neu-e1571654817345.jpg\" alt=\"Supporters_Italia_neu\"><\/td><td><img decoding=\"async\" loading=\"lazy\" width=\"520\" height=\"312\" src=\"http:\/\/alexanderkobs.de\/wp-content\/uploads\/2018\/02\/fcc47549-bb8a-4335-a5ed-b49d99532a8d-e1543796537142.jpg\" alt=\"fcc47549-bb8a-4335-a5ed-b49d99532a8d\"><\/td><\/tr><tr><td><strong>SC Story: Hannover 96 &#8211; Ein Klub in der Sackgasse<\/strong><br><strong>L\u00e4nge: 30 Min, Datum: 07.04.2019<\/strong><br><strong>Mit Henning R\u00fctten<\/strong><\/td><td><strong>SC Story:\u00a0Schiedsrichter im Dauerstress &#8211; Durch die Bundesliga mit Patrick Ittrich<br>L\u00e4nge: 30Min, Datum: 02.12.2018<\/strong><br><strong>Mit Mats Nickelsen<\/strong><\/td><\/tr><tr><td><img decoding=\"async\" loading=\"lazy\" width=\"512\" height=\"320\" src=\"http:\/\/alexanderkobs.de\/wp-content\/uploads\/2018\/02\/Schnitt_Krabbe-1024x640.jpg\" alt=\"Schnitt_Krabbe\"><\/td><td><img decoding=\"async\" loading=\"lazy\" width=\"512\" height=\"320\" src=\"http:\/\/alexanderkobs.de\/wp-content\/uploads\/2018\/02\/Haeusling.jpg\" alt=\"Haeusling\"><\/td><\/tr><tr><td><strong>SC Story:\u00a0Katrin Krabbe &#8211; Schicksalsjahre einer Sprintk\u00f6nigin<\/strong><br><strong>L\u00e4nge: 30 Min, Datum: 18.02.2018<\/strong><\/td><td><strong>SC Story: Diagnose ALS &#8211; Das Schicksal des\u00a0Paratriathleten Markus H\u00e4usling<\/strong><br><strong>L\u00e4nge: 30 Min, Datum: 25.9.2016<\/strong><\/td><\/tr><tr><td><img decoding=\"async\" loading=\"lazy\" width=\"512\" height=\"320\" src=\"http:\/\/alexanderkobs.de\/wp-content\/uploads\/2018\/02\/Hannover_Fankurve-300x188.jpg\" alt=\"Hannover_Fankurve\"><\/td><td>\u00a0<img decoding=\"async\" loading=\"lazy\" width=\"512\" height=\"320\" src=\"http:\/\/alexanderkobs.de\/wp-content\/uploads\/2018\/02\/Juliane_Stich_neu-300x188.jpg\" alt=\"Juliane_Stich_neu\"><\/td><\/tr><tr><td><strong>SC Story: Der tiefe Fall von Hannover 96<\/strong><br><strong>L\u00e4nge: 30 Min, Datum: 10.04.2016<\/strong><br><strong>Mit Henning R\u00fctten &amp; Sven Kaulbars<\/strong><\/td><td>\u00a0<strong>SC Story: Hamburg tr\u00e4umt von Olympia<\/strong><br><strong>L\u00e4nge: 30 Min, Datum: 15.03.2015<\/strong><br><strong>Mit Juliane M\u00f6cklinghoff<\/strong><\/td><\/tr><\/tbody><\/table><\/figure>\n\n\n\n<div class=\"is-layout-flex wp-block-buttons\"><\/div>\n\n\n\n<figure class=\"wp-block-image\"><img alt=\"\"\/><\/figure>\n\n\n\n<figure class=\"wp-block-image\"><img alt=\"\"\/><\/figure>\n\n\n\n<figure class=\"wp-block-image\"><img alt=\"\"\/><\/figure>\n\n\n\n<figure class=\"wp-block-image\"><img alt=\"\"\/><\/figure>\n\n\n\n<figure class=\"wp-block-image\"><img alt=\"\"\/><\/figure>\n","protected":false},"excerpt":{"rendered":"<p>SC Story: Dennis Schr\u00f6derL\u00e4nge: 30 Min, Datum: 18.02.2024Mit Kevin Poweska SC Story: Journeymen im Boxen\u00a0L\u00e4nge: 30 Min, Datum: 31.10.2021Mit Hans von Brockhausen SC Story: Alte Liebe. 125 Jahre Hannover 96L\u00e4nge: 45 Min, Datum: 17.4.2021Mit Ben Wozny SC Story: Andrea PetkovicL\u00e4nge: 30 Min, Datum: 17.1.2021Mit Benedikt Scheper Der Start der Fu\u00dfball-Bundesliga 1963 &#8211;\u00a0Aufbruch in ein neues [&hellip;]<\/p>\n","protected":false},"author":1,"featured_media":1349,"parent":0,"menu_order":0,"comment_status":"closed","ping_status":"closed","template":"","meta":[],"_links":{"self":[{"href":"http:\/\/alexanderkobs.de\/index.php?rest_route=\/wp\/v2\/pages\/1259"}],"collection":[{"href":"http:\/\/alexanderkobs.de\/index.php?rest_route=\/wp\/v2\/pages"}],"about":[{"href":"http:\/\/alexanderkobs.de\/index.php?rest_route=\/wp\/v2\/types\/page"}],"author":[{"embeddable":true,"href":"http:\/\/alexanderkobs.de\/index.php?rest_route=\/wp\/v2\/users\/1"}],"replies":[{"embeddable":true,"href":"http:\/\/alexanderkobs.de\/index.php?rest_route=%2Fwp%2Fv2%2Fcomments&post=1259"}],"version-history":[{"count":107,"href":"http:\/\/alexanderkobs.de\/index.php?rest_route=\/wp\/v2\/pages\/1259\/revisions"}],"predecessor-version":[{"id":1634,"href":"http:\/\/alexanderkobs.de\/index.php?rest_route=\/wp\/v2\/pages\/1259\/revisions\/1634"}],"wp:featuredmedia":[{"embeddable":true,"href":"http:\/\/alexanderkobs.de\/index.php?rest_route=\/wp\/v2\/media\/1349"}],"wp:attachment":[{"href":"http:\/\/alexanderkobs.de\/index.php?rest_route=%2Fwp%2Fv2%2Fmedia&parent=1259"}],"curies":[{"name":"wp","href":"https:\/\/api.w.org\/{rel}","templated":true}]}}